{"id":2342,"date":"2018-08-16T19:31:30","date_gmt":"2018-08-16T22:31:30","guid":{"rendered":"http:\/\/www.comuna13online.com.ar\/?page_id=2342"},"modified":"2018-08-23T14:31:05","modified_gmt":"2018-08-23T17:31:05","slug":"sede-comunal-13-av-cabildo-3067","status":"publish","type":"page","link":"https:\/\/www.comuna13online.com.ar\/?page_id=2342","title":{"rendered":"Comuna 13"},"content":{"rendered":"<p><img loading=\"lazy\" decoding=\"async\" data-attachment-id=\"2344\" data-permalink=\"https:\/\/www.comuna13online.com.ar\/?attachment_id=2344\" data-orig-file=\"https:\/\/www.comuna13online.com.ar\/wp-content\/uploads\/2018\/08\/sede_comunal.jpg\" data-orig-size=\"678,288\" data-comments-opened=\"0\" data-image-meta=\"{&quot;aperture&quot;:&quot;0&quot;,&quot;credit&quot;:&quot;&quot;,&quot;camera&quot;:&quot;&quot;,&quot;caption&quot;:&quot;&quot;,&quot;created_timestamp&quot;:&quot;0&quot;,&quot;copyright&quot;:&quot;&quot;,&quot;focal_length&quot;:&quot;0&quot;,&quot;iso&quot;:&quot;0&quot;,&quot;shutter_speed&quot;:&quot;0&quot;,&quot;title&quot;:&quot;&quot;,&quot;orientation&quot;:&quot;0&quot;}\" data-image-title=\"sede_comunal\" data-image-description=\"\" data-image-caption=\"\" data-large-file=\"https:\/\/www.comuna13online.com.ar\/wp-content\/uploads\/2018\/08\/sede_comunal.jpg\" class=\"alignnone size-full wp-image-2344\" src=\"http:\/\/www.comuna13online.com.ar\/wp-content\/uploads\/2018\/08\/sede_comunal.jpg\" alt=\"\" width=\"678\" height=\"288\" \/><\/p>\n<p>Dentro de las 15 comunas en la que se encuentra en\u00a0organizada la Ciudad Aut\u00f3noma de Buenos Aires, bien al norte se encuentra la que incluye los barrios de N\u00fa\u00f1ez, Berlgrano, Colegiales, la comuna 13,\u00a0con una superficie de 14,6 km y una de las mas pobladas de la ciudad con\u00a0231.331 habitantes, 15844 cada km2 y parece no bajar su crecimiento.<\/p>\n<h4><span style=\"color: #339966;\"><strong>La Comuna 13 est\u00e1 delimitada por:<\/strong><\/span><\/h4>\n<p>La Comuna 13 se encuentra ubicada bien al norte de la Ciudad, tiene como l\u00edmites, al Oeste, los barrios de Saavedra, Coghlan, y Villa Urquiza, y al Sur con los barrios de Villa Ort\u00fazar y Chacarita, Palermo y se encuentra al Noroeste y al Norte con el partido bonaerense de Vicente L\u00f3pez y\u00a0el R\u00edo de la Plata. Sus comunas vecinas son la Comuna 12, la Comuna 14 y la Comuna 15.<\/p>\n<p>La Sede Comunal 13 est\u00e1 ubicada en la avenida <a href=\"http:\/\/mapa.buenosaires.gob.ar\/informacion\/?lat=-34.553667&amp;lng=-58.463938&amp;zl=15&amp;modo=transporte&amp;dir=Sede+Comunal+13&amp;ilat=-34.553737&amp;ilng=-58.463926&amp;fid=sedes_de_comunas%7C13\" target=\"_blank\" rel=\"noopener\">Cabildo 3067<\/a> entre Quesada e Iber\u00e1, su horario de atenci\u00f3n es de lunes a viernes 7:30 a 19:00 horas, dicha sede cuenta con oficinas del<strong> Registro Civil, Agip, Licencias de Conducir e infracciones de tr\u00e1nsito, Direcci\u00f3n de la Mujer<\/strong>, entre otras, facilitando la comunicaci\u00f3n entre el Estado y los\u00a0vecinos.<\/p>\n<p><img loading=\"lazy\" decoding=\"async\" data-attachment-id=\"2347\" data-permalink=\"https:\/\/www.comuna13online.com.ar\/?attachment_id=2347\" data-orig-file=\"https:\/\/www.comuna13online.com.ar\/wp-content\/uploads\/2018\/08\/map_sede-comunal.jpg\" data-orig-size=\"767,316\" data-comments-opened=\"0\" data-image-meta=\"{&quot;aperture&quot;:&quot;0&quot;,&quot;credit&quot;:&quot;&quot;,&quot;camera&quot;:&quot;&quot;,&quot;caption&quot;:&quot;&quot;,&quot;created_timestamp&quot;:&quot;0&quot;,&quot;copyright&quot;:&quot;&quot;,&quot;focal_length&quot;:&quot;0&quot;,&quot;iso&quot;:&quot;0&quot;,&quot;shutter_speed&quot;:&quot;0&quot;,&quot;title&quot;:&quot;&quot;,&quot;orientation&quot;:&quot;0&quot;}\" data-image-title=\"map_sede-comunal\" data-image-description=\"\" data-image-caption=\"\" data-large-file=\"https:\/\/www.comuna13online.com.ar\/wp-content\/uploads\/2018\/08\/map_sede-comunal.jpg\" class=\"alignnone size-full wp-image-2347\" src=\"http:\/\/www.comuna13online.com.ar\/wp-content\/uploads\/2018\/08\/map_sede-comunal.jpg\" alt=\"\" width=\"767\" height=\"316\" srcset=\"https:\/\/www.comuna13online.com.ar\/wp-content\/uploads\/2018\/08\/map_sede-comunal.jpg 767w, https:\/\/www.comuna13online.com.ar\/wp-content\/uploads\/2018\/08\/map_sede-comunal-678x279.jpg 678w\" sizes=\"auto, (max-width: 767px) 100vw, 767px\" \/><\/p>\n<h3><span style=\"color: #008000;\"><strong>Historia<\/strong><\/span><\/h3>\n<p>Belgrano, uno de los barrios m\u00e1s residenciales de la misma, se caracteriza por una gran cantidad casonas del estilo se\u00f1orial, la mayor\u00eda t\u00edpicas de fines del siglo XIX, que se entremezclan con edificios modernos y sofisticados. Mu\u00f1ido de gran actividad cultural, tradici\u00f3n e historia, en este barrio podemos apreciar gran cantidad de monumentos, museos, bibliotecas y plazas.<\/p>\n<p>Por su parte, el fundador de N\u00fa\u00f1ez -al igual que en el barrio de Saavedra-, fue el se\u00f1or Florencio N\u00fa\u00f1ez, quien compr\u00f3 estas tierras y don\u00f3 los terrenos para la construcci\u00f3n de la estaci\u00f3n de tren que lleva su nombre.<\/p>\n<p>A diferencia de los anteriores, Colegiales, debe su nombre a la c\u00e9lebre Chacarita de los Colegiales, lugar al que a mediados del siglo XIX asist\u00eda un gran caudal de alumnos a disfrutar de sus vacaciones. Al d\u00eda de hoy, es un barrio que ofrece numerosos contrastes y oportunidades; por un lado hay altos edificios que van desde la estaci\u00f3n Colegiales hasta la Av. Cabildo, para finalizar en una zona residencial, ubicada en el tramo que va desde Av. de los Incas hasta Elcano.<\/p>\n<h4><span style=\"color: #339966;\"><strong>Seg\u00fan el Censo Nacional de Poblaci\u00f3n, Hogares y Viviendas 2010, se pueden obtener los siguientes datos:<\/strong><\/span><\/h4>\n<p>El total de la poblaci\u00f3n de la Comuna 13 es de 231.331 de los cu\u00e1les 103.832 (44,89 %) son hombres y 127.499 (55,11 %) son mujeres. Su pir\u00e1mide de poblaci\u00f3n muestra un predominio de adultos en las edades medias. La Comuna 13 es la m\u00e1s poblada de la ciudad de Buenos Aires, sigui\u00e9ndola la Comuna 14 (Palermo) con 225.970 habitantes.<\/p>\n<p>En la Comuna 13 hay 100.506 hogares de los cu\u00e1les hay: 10.533 casas, 2 ranchos, 47 casillas, 88.599 departamentos, 389 pieza\/s en inquilinato, 809 pieza\/s en hotel o pensi\u00f3n, 118 Local no construido para habitaci\u00f3n y 9 de vivienda m\u00f3vil. Del total de los hogares, 98.012 utilizan principalmente Gas de red para cocinar.<\/p>\n<p>La zona sur de la ciudad registra los valores m\u00e1s vulnerables de cohabitaci\u00f3n, mientras que las comunas que registran menor cantidad de viviendas con cohabitaci\u00f3n de hogares, son la comuna 6 del centro de la ciudad con un 2% (1.729 viviendas) y la comuna 13 con 2.2% (2.131).<\/p>\n<p>El ingreso promedio per c\u00e1pita familiar en la Comuna 13 triplica el ingreso que perciben los trabajadores de la Comuna 8 (Villa Lugano, Soldati y Riachuelo).<\/p>\n<p>En cuanto a representaci\u00f3n de estudiantes universitarios, el ranking lo lidera la\u00a0 Comuna 14 con un 64,5% (36.579 j\u00f3venes), seguido por Comuna 2 con el 63% (32.164 j\u00f3venes) y en tercer lugar nuestra Comuna con el 55,3% (un total de 28.696).<\/p>\n<p>El reparto del empleo entre las diferentes ramas da cuenta de una distribuci\u00f3n similar a la que refiere al total de la Ciudad, constituyendo los servicios la parte m\u00e1s importante, representando el 70 % del total. Por otra parte, en el conjunto de las comunas, la Comuna 13, presenta uno de los m\u00e1s bajos niveles de desocupaci\u00f3n y subocupaci\u00f3n, siendo del 3,7% y 6,3%, respectivamente. Del mismo modo, los \u00edndices de pobreza dan cuenta de una mejor situaci\u00f3n que en otras partes de la Ciudad. Al mismo tiempo, pueden destacarse los altos niveles de instrucci\u00f3n, puesto que el 43 % de poblaci\u00f3n cuenta con el nivel superior completo.<\/p>\n<p>Por otra parte, se trata de una de las comunas en donde mayor peso posee la atenci\u00f3n de la salud a trav\u00e9s de la medicina prepaga, llegando al 36 % del sector, mientras que el sistema p\u00fablico reduce sus servicios al 6,1% del total.<\/p>\n<p>Al mismo tiempo, la educaci\u00f3n privada muestra gran relevancia, puesto que el 55,3% de quienes acuden a instituciones educativas lo hacen en el \u00e1mbito privado.<\/p>\n<p>Al observar la distribuci\u00f3n del comportamiento de la densidad demogr\u00e1fica en la Comuna 13 se aprecia una concentraci\u00f3n homog\u00e9nea de altas densidades en torno a la avenida Cabildo, siendo particularmente mayor en el barrio de Belgrano, en el \u00e1rea delimitada por las avenidas Juramento, Jos\u00e9 Hern\u00e1ndez y las v\u00edas del ferrocarril Mitre.<\/p>\n<p>Por su parte, Colegiales presenta, al Norte de las v\u00edas del ferrocarril, una concentraci\u00f3n de densidades poblacionales de m\u00e1s de 351 habitantes por hect\u00e1rea, mientras que al Sur disminuyen estos valores ostensiblemente siendo el predominio de densidades menores a 250 habitantes por hect\u00e1rea. Asimismo el barrio de N\u00fa\u00f1ez, colindante al barrio de Belgrano, posee el mismo patr\u00f3n de alta densidad en el eje de la avenida Cabildo.<\/p>\n","protected":false},"excerpt":{"rendered":"<div class=\"mh-excerpt\">Dentro de las 15 comunas en la que se encuentra en\u00a0organizada la Ciudad Aut\u00f3noma de Buenos Aires, bien al norte se encuentra la que incluye los barrios de N\u00fa\u00f1ez, Berlgrano, <a class=\"mh-excerpt-more\" href=\"https:\/\/www.comuna13online.com.ar\/?page_id=2342\" title=\"Comuna 13\">[&#8230;]<\/a><\/div>\n","protected":false},"author":1,"featured_media":0,"parent":0,"menu_order":0,"comment_status":"closed","ping_status":"closed","template":"","meta":{"_uag_custom_page_level_css":"","footnotes":""},"class_list":["post-2342","page","type-page","status-publish"],"uagb_featured_image_src":{"full":false,"thumbnail":false,"medium":false,"medium_large":false,"large":false,"1536x1536":false,"2048x2048":false,"mh-magazine-slider":false,"mh-magazine-content":false,"mh-magazine-large":false,"mh-magazine-medium":false,"mh-magazine-small":false,"sow-carousel-default":false},"uagb_author_info":{"display_name":"Comuna13","author_link":"https:\/\/www.comuna13online.com.ar\/?author=1"},"uagb_comment_info":0,"uagb_excerpt":"Dentro de las 15 comunas en la que se encuentra en\u00a0organizada la Ciudad Aut\u00f3noma de Buenos Aires, bien al norte se encuentra la que incluye los barrios de N\u00fa\u00f1ez, Berlgrano, [...]","jetpack_sharing_enabled":true,"_links":{"self":[{"href":"https:\/\/www.comuna13online.com.ar\/index.php?rest_route=\/wp\/v2\/pages\/2342","targetHints":{"allow":["GET"]}}],"collection":[{"href":"https:\/\/www.comuna13online.com.ar\/index.php?rest_route=\/wp\/v2\/pages"}],"about":[{"href":"https:\/\/www.comuna13online.com.ar\/index.php?rest_route=\/wp\/v2\/types\/page"}],"author":[{"embeddable":true,"href":"https:\/\/www.comuna13online.com.ar\/index.php?rest_route=\/wp\/v2\/users\/1"}],"replies":[{"embeddable":true,"href":"https:\/\/www.comuna13online.com.ar\/index.php?rest_route=%2Fwp%2Fv2%2Fcomments&post=2342"}],"version-history":[{"count":0,"href":"https:\/\/www.comuna13online.com.ar\/index.php?rest_route=\/wp\/v2\/pages\/2342\/revisions"}],"wp:attachment":[{"href":"https:\/\/www.comuna13online.com.ar\/index.php?rest_route=%2Fwp%2Fv2%2Fmedia&parent=2342"}],"curies":[{"name":"wp","href":"https:\/\/api.w.org\/{rel}","templated":true}]}}